{"id":89,"date":"2023-01-31T18:23:28","date_gmt":"2023-01-31T17:23:28","guid":{"rendered":"http:\/\/codep84.com\/?page_id=89"},"modified":"2025-10-28T22:15:50","modified_gmt":"2025-10-28T21:15:50","slug":"commission-technique","status":"publish","type":"page","link":"https:\/\/codep84.com\/?page_id=89","title":{"rendered":"Commission Technique"},"content":{"rendered":"<p><img loading=\"lazy\" decoding=\"async\" class=\"alignnone size-medium wp-image-19 aligncenter\" src=\"https:\/\/codep84.com\/wp-content\/uploads\/2023\/01\/Banderole-Technique-300x78.jpg\" alt=\"\" width=\"300\" height=\"78\" srcset=\"https:\/\/codep84.com\/wp-content\/uploads\/2023\/01\/Banderole-Technique-300x78.jpg 300w, https:\/\/codep84.com\/wp-content\/uploads\/2023\/01\/Banderole-Technique-768x199.jpg 768w, https:\/\/codep84.com\/wp-content\/uploads\/2023\/01\/Banderole-Technique.jpg 1024w\" sizes=\"auto, (max-width: 300px) 100vw, 300px\" \/><\/p>\n<p>&nbsp;<\/p>\n<p>Former des encadrants est essentiel pour garantir la qualit\u00e9 et la s\u00e9curit\u00e9 des activit\u00e9s subaquatiques.<br \/>\nLe CODEP joue un r\u00f4le cl\u00e9 dans ce processus :<\/p>\n<ul>\n<li>Organisation de stages p\u00e9dagogiques : stages initiateur (E1), Niveau 4, moniteur f\u00e9d\u00e9ral 1er degr\u00e9 (MF1), voire pr\u00e9paration au MF2 en lien avec la r\u00e9gion.<\/li>\n<li>Suivi des candidats : accompagnement personnalis\u00e9, mise \u00e0 disposition de tuteurs, entra\u00eenements pratiques.<\/li>\n<li>Sessions d\u2019examen : coordination des jurys, logistique, validation des comp\u00e9tences.<\/li>\n<li>Formation continue : recyclages, mises \u00e0 jour r\u00e9glementaires, perfectionnement technique ou p\u00e9dagogique.<\/li>\n<\/ul>\n<p style=\"font-weight: 400;\">Contact\u00a0et renseignement :<\/p>\n<p style=\"text-align: center;\"><img loading=\"lazy\" decoding=\"async\" class=\"alignnone wp-image-555 aligncenter\" src=\"https:\/\/codep84.com\/wp-content\/uploads\/2025\/09\/Renaud-LEYMARIE-300x225.jpg\" alt=\"\" width=\"327\" height=\"246\" srcset=\"https:\/\/codep84.com\/wp-content\/uploads\/2025\/09\/Renaud-LEYMARIE-300x225.jpg 300w, https:\/\/codep84.com\/wp-content\/uploads\/2025\/09\/Renaud-LEYMARIE-1024x768.jpg 1024w, https:\/\/codep84.com\/wp-content\/uploads\/2025\/09\/Renaud-LEYMARIE-768x576.jpg 768w, https:\/\/codep84.com\/wp-content\/uploads\/2025\/09\/Renaud-LEYMARIE-1536x1152.jpg 1536w, https:\/\/codep84.com\/wp-content\/uploads\/2025\/09\/Renaud-LEYMARIE-2048x1536.jpg 2048w, https:\/\/codep84.com\/wp-content\/uploads\/2025\/09\/Renaud-LEYMARIE-678x509.jpg 678w, https:\/\/codep84.com\/wp-content\/uploads\/2025\/09\/Renaud-LEYMARIE-326x245.jpg 326w, https:\/\/codep84.com\/wp-content\/uploads\/2025\/09\/Renaud-LEYMARIE-80x60.jpg 80w\" sizes=\"auto, (max-width: 327px) 100vw, 327px\" \/>\u00a0 Renaud LEYMARIE (<a href=\"mailto:technique@codep84.com\" target=\"_blank\" rel=\"noopener\">technique@codep84.com<\/a>)<\/p>\n<p style=\"text-align: center;\"><img loading=\"lazy\" decoding=\"async\" class=\"alignnone wp-image-554 aligncenter\" src=\"https:\/\/codep84.com\/wp-content\/uploads\/2025\/09\/FB_IMG_1737537520606-300x297.jpg\" alt=\"\" width=\"255\" height=\"252\" srcset=\"https:\/\/codep84.com\/wp-content\/uploads\/2025\/09\/FB_IMG_1737537520606-300x297.jpg 300w, https:\/\/codep84.com\/wp-content\/uploads\/2025\/09\/FB_IMG_1737537520606-768x760.jpg 768w, https:\/\/codep84.com\/wp-content\/uploads\/2025\/09\/FB_IMG_1737537520606.jpg 960w\" sizes=\"auto, (max-width: 255px) 100vw, 255px\" \/> Thierry Baudrier (<a href=\"mailto:titi.baudrier@orange.fr\">titi.baudrier@orange.fr<\/a>)<\/p>\n<p style=\"font-weight: 400;\"><em>La commission technique organise aussi les formations et recyclage TIV.<\/em><\/p>\n<p style=\"font-weight: 400;\"><em>Laurent BIGOU (r\u00e9f\u00e9rent TIV) coordonne et anime les formations des techniciens en inspection visuelle au sein du d\u00e9partement.<br \/>\nIl veille \u00e0 la qualit\u00e9 des enseignements, \u00e0 la mise \u00e0 jour des comp\u00e9tences et au respect des proc\u00e9dures d\u00e9finies par la f\u00e9d\u00e9ration.<\/em><\/p>\n<p style=\"font-weight: 400;\"><img loading=\"lazy\" decoding=\"async\" class=\"alignnone size-medium wp-image-767 aligncenter\" src=\"https:\/\/codep84.com\/wp-content\/uploads\/2025\/10\/Laurent-Bigou-1-200x300.png\" alt=\"\" width=\"200\" height=\"300\" srcset=\"https:\/\/codep84.com\/wp-content\/uploads\/2025\/10\/Laurent-Bigou-1-200x300.png 200w, https:\/\/codep84.com\/wp-content\/uploads\/2025\/10\/Laurent-Bigou-1.png 300w\" sizes=\"auto, (max-width: 200px) 100vw, 200px\" \/><\/p>\n<p style=\"font-weight: 400; text-align: center;\">Laurent Bigou (<a href=\"mailto:laurentbigou@free.fr\">laurentbigou@free.fr)<\/a><\/p>\n","protected":false},"excerpt":{"rendered":"<div class=\"mh-excerpt\"><p>&nbsp; Former des encadrants est essentiel pour garantir la qualit\u00e9 et la s\u00e9curit\u00e9 des activit\u00e9s subaquatiques. Le CODEP joue un r\u00f4le cl\u00e9 dans ce processus <a class=\"mh-excerpt-more\" href=\"https:\/\/codep84.com\/?page_id=89\" title=\"Commission Technique\">[&#8230;]<\/a><\/p>\n<\/div>","protected":false},"author":1,"featured_media":0,"parent":0,"menu_order":0,"comment_status":"closed","ping_status":"closed","template":"","meta":{"footnotes":""},"class_list":["post-89","page","type-page","status-publish","hentry"],"_links":{"self":[{"href":"https:\/\/codep84.com\/index.php?rest_route=\/wp\/v2\/pages\/89","targetHints":{"allow":["GET"]}}],"collection":[{"href":"https:\/\/codep84.com\/index.php?rest_route=\/wp\/v2\/pages"}],"about":[{"href":"https:\/\/codep84.com\/index.php?rest_route=\/wp\/v2\/types\/page"}],"author":[{"embeddable":true,"href":"https:\/\/codep84.com\/index.php?rest_route=\/wp\/v2\/users\/1"}],"replies":[{"embeddable":true,"href":"https:\/\/codep84.com\/index.php?rest_route=%2Fwp%2Fv2%2Fcomments&post=89"}],"version-history":[{"count":13,"href":"https:\/\/codep84.com\/index.php?rest_route=\/wp\/v2\/pages\/89\/revisions"}],"predecessor-version":[{"id":770,"href":"https:\/\/codep84.com\/index.php?rest_route=\/wp\/v2\/pages\/89\/revisions\/770"}],"wp:attachment":[{"href":"https:\/\/codep84.com\/index.php?rest_route=%2Fwp%2Fv2%2Fmedia&parent=89"}],"curies":[{"name":"wp","href":"https:\/\/api.w.org\/{rel}","templated":true}]}}