{"id":86,"date":"2023-01-31T18:18:19","date_gmt":"2023-01-31T17:18:19","guid":{"rendered":"http:\/\/codep84.com\/?page_id=86"},"modified":"2025-09-18T20:44:43","modified_gmt":"2025-09-18T18:44:43","slug":"commission-plongee-souterraine","status":"publish","type":"page","link":"https:\/\/codep84.com\/?page_id=86","title":{"rendered":"Commission Plong\u00e9e souterraine"},"content":{"rendered":"<p><img loading=\"lazy\" decoding=\"async\" class=\"alignnone size-medium wp-image-17 aligncenter\" src=\"https:\/\/codep84.com\/wp-content\/uploads\/2023\/01\/Banderole-Plongee-sout-300x78.jpg\" alt=\"\" width=\"300\" height=\"78\" srcset=\"https:\/\/codep84.com\/wp-content\/uploads\/2023\/01\/Banderole-Plongee-sout-300x78.jpg 300w, https:\/\/codep84.com\/wp-content\/uploads\/2023\/01\/Banderole-Plongee-sout-768x199.jpg 768w, https:\/\/codep84.com\/wp-content\/uploads\/2023\/01\/Banderole-Plongee-sout.jpg 1024w\" sizes=\"auto, (max-width: 300px) 100vw, 300px\" \/><\/p>\n<p>Une \u00e2me d\u2019explorateur ? Que diriez-vous d\u2019un petit voyage au centre de la terre ?<\/p>\n<p>Gr\u00e2ce \u00e0 la plong\u00e9e souterraine, vous allez visiter les galeries noy\u00e9es de notre sous-sol et d\u00e9couvrir des salles somptueuses, des paysages min\u00e9raux insoup\u00e7onn\u00e9s et d\u2019une beaut\u00e9 \u00e0 couper le souffle.<\/p>\n<p>La plong\u00e9e souterraine consiste \u00e0 \u00e9voluer dans des environnements confin\u00e9s, sans lumi\u00e8re naturelle, souvent avec des passages \u00e9troits et une visibilit\u00e9 r\u00e9duite. Elle n\u00e9cessite une formation sp\u00e9cifique, un mat\u00e9riel adapt\u00e9 et une pr\u00e9paration mentale solide.<\/p>\n<p>Vous apprendrez \u00e0 parcourir ces galeries en respectant toutes les r\u00e8gles de s\u00e9curit\u00e9 indispensables au bon d\u00e9roulement de chaque mission d\u2019exploration et avec lesquelles on ne peut transiger.<\/p>\n<p>C\u2019est une discipline exigeante, \u00e0 la crois\u00e9e de la plong\u00e9e technique et de la sp\u00e9l\u00e9ologie, qui demande rigueur, autonomie et respect du milieu<\/p>\n<p>Vous \u00eates niveau 2 minimum et l\u2019id\u00e9e\u00a0vous s\u00e9duit ?<\/p>\n<p>Le d\u00e9partement est riche en sites souterrains. Le CODEP 84 peut organiser des stages ou des sorties encadr\u00e9es pour les plongeurs souhaitant d\u00e9couvrir cette discipline.<\/p>\n<p>-Organisation de stages du PS1 au PS3 (Plongeur Souterrain niveaux 1 \u00e0 3)<\/p>\n<p>-Formation des encadrants sp\u00e9cialis\u00e9s<\/p>\n<p><img loading=\"lazy\" decoding=\"async\" class=\"size-full wp-image-87 alignleft\" src=\"https:\/\/codep84.com\/wp-content\/uploads\/2023\/01\/Plongee-souterraine.jpeg\" alt=\"\" width=\"275\" height=\"183\" \/><img loading=\"lazy\" decoding=\"async\" class=\"size-medium wp-image-169 alignright\" src=\"https:\/\/codep84.com\/wp-content\/uploads\/2023\/04\/BDA-1-300x159.jpg\" alt=\"\" width=\"300\" height=\"159\" srcset=\"https:\/\/codep84.com\/wp-content\/uploads\/2023\/04\/BDA-1-300x159.jpg 300w, https:\/\/codep84.com\/wp-content\/uploads\/2023\/04\/BDA-1-1024x543.jpg 1024w, https:\/\/codep84.com\/wp-content\/uploads\/2023\/04\/BDA-1-768x408.jpg 768w, https:\/\/codep84.com\/wp-content\/uploads\/2023\/04\/BDA-1-1536x815.jpg 1536w, https:\/\/codep84.com\/wp-content\/uploads\/2023\/04\/BDA-1.jpg 1713w\" sizes=\"auto, (max-width: 300px) 100vw, 300px\" \/><\/p>\n<p><img loading=\"lazy\" decoding=\"async\" class=\"size-medium wp-image-168 aligncenter\" src=\"https:\/\/codep84.com\/wp-content\/uploads\/2023\/04\/BSA-1-225x300.jpg\" alt=\"\" width=\"225\" height=\"300\" srcset=\"https:\/\/codep84.com\/wp-content\/uploads\/2023\/04\/BSA-1-225x300.jpg 225w, https:\/\/codep84.com\/wp-content\/uploads\/2023\/04\/BSA-1-767x1024.jpg 767w, https:\/\/codep84.com\/wp-content\/uploads\/2023\/04\/BSA-1-768x1026.jpg 768w, https:\/\/codep84.com\/wp-content\/uploads\/2023\/04\/BSA-1-1150x1536.jpg 1150w, https:\/\/codep84.com\/wp-content\/uploads\/2023\/04\/BSA-1.jpg 1198w\" sizes=\"auto, (max-width: 225px) 100vw, 225px\" \/><\/p>\n","protected":false},"excerpt":{"rendered":"<div class=\"mh-excerpt\"><p>Une \u00e2me d\u2019explorateur ? Que diriez-vous d\u2019un petit voyage au centre de la terre ? Gr\u00e2ce \u00e0 la plong\u00e9e souterraine, vous allez visiter les galeries <a class=\"mh-excerpt-more\" href=\"https:\/\/codep84.com\/?page_id=86\" title=\"Commission Plong\u00e9e souterraine\">[&#8230;]<\/a><\/p>\n<\/div>","protected":false},"author":1,"featured_media":0,"parent":0,"menu_order":0,"comment_status":"closed","ping_status":"closed","template":"","meta":{"footnotes":""},"class_list":["post-86","page","type-page","status-publish","hentry"],"_links":{"self":[{"href":"https:\/\/codep84.com\/index.php?rest_route=\/wp\/v2\/pages\/86","targetHints":{"allow":["GET"]}}],"collection":[{"href":"https:\/\/codep84.com\/index.php?rest_route=\/wp\/v2\/pages"}],"about":[{"href":"https:\/\/codep84.com\/index.php?rest_route=\/wp\/v2\/types\/page"}],"author":[{"embeddable":true,"href":"https:\/\/codep84.com\/index.php?rest_route=\/wp\/v2\/users\/1"}],"replies":[{"embeddable":true,"href":"https:\/\/codep84.com\/index.php?rest_route=%2Fwp%2Fv2%2Fcomments&post=86"}],"version-history":[{"count":4,"href":"https:\/\/codep84.com\/index.php?rest_route=\/wp\/v2\/pages\/86\/revisions"}],"predecessor-version":[{"id":577,"href":"https:\/\/codep84.com\/index.php?rest_route=\/wp\/v2\/pages\/86\/revisions\/577"}],"wp:attachment":[{"href":"https:\/\/codep84.com\/index.php?rest_route=%2Fwp%2Fv2%2Fmedia&parent=86"}],"curies":[{"name":"wp","href":"https:\/\/api.w.org\/{rel}","templated":true}]}}