{"id":83,"date":"2023-01-31T18:16:30","date_gmt":"2023-01-31T17:16:30","guid":{"rendered":"http:\/\/codep84.com\/?page_id=83"},"modified":"2025-09-18T20:45:55","modified_gmt":"2025-09-18T18:45:55","slug":"commission-plongee-sportive-en-piscine","status":"publish","type":"page","link":"https:\/\/codep84.com\/?page_id=83","title":{"rendered":"Commission Plong\u00e9e Sportive en Piscine"},"content":{"rendered":"<p><img loading=\"lazy\" decoding=\"async\" class=\"alignnone size-medium wp-image-18 aligncenter\" src=\"https:\/\/codep84.com\/wp-content\/uploads\/2023\/01\/Banderole-PSP-300x77.jpg\" alt=\"\" width=\"300\" height=\"77\" srcset=\"https:\/\/codep84.com\/wp-content\/uploads\/2023\/01\/Banderole-PSP-300x77.jpg 300w, https:\/\/codep84.com\/wp-content\/uploads\/2023\/01\/Banderole-PSP-768x198.jpg 768w, https:\/\/codep84.com\/wp-content\/uploads\/2023\/01\/Banderole-PSP.jpg 1024w\" sizes=\"auto, (max-width: 300px) 100vw, 300px\" \/><\/p>\n<p>Et si vous cassiez la routine de vos entra\u00eenements piscine ?<\/p>\n<p>R\u00e9alisez des gestes techniques dans un minimum de temps, parcourez des longueurs en vous mesurant aux autres le plus vite possible, nagez en \u00e9quipe, trouvez des objets les yeux band\u00e9s, am\u00e9liorez votre condition physique.<\/p>\n<p>LA PSP VOUS OFFRE DE MULTIPLES AVANTAGES TANT SUR LE PLAN MENTAL QUE PHYSIQUE.<\/p>\n<p>Le comit\u00e9 peut :<\/p>\n<ul>\n<li>Mettre en place des comp\u00e9titions locales<\/li>\n<li>Former des arbitres et entra\u00eeneurs PSP<\/li>\n<li>Organiser des entra\u00eenements r\u00e9guliers pour les clubs<\/li>\n<li>Promouvoir la PSP comme porte d\u2019entr\u00e9e ludique vers la plong\u00e9e pour les jeunes<\/li>\n<\/ul>\n<p><img loading=\"lazy\" decoding=\"async\" class=\"size-medium wp-image-84 alignleft\" src=\"https:\/\/codep84.com\/wp-content\/uploads\/2023\/01\/PSP-300x168.jpg\" alt=\"\" width=\"300\" height=\"168\" srcset=\"https:\/\/codep84.com\/wp-content\/uploads\/2023\/01\/PSP-300x168.jpg 300w, https:\/\/codep84.com\/wp-content\/uploads\/2023\/01\/PSP-678x381.jpg 678w, https:\/\/codep84.com\/wp-content\/uploads\/2023\/01\/PSP.jpg 700w\" sizes=\"auto, (max-width: 300px) 100vw, 300px\" \/><\/p>\n<p>&nbsp;<\/p>\n","protected":false},"excerpt":{"rendered":"<div class=\"mh-excerpt\"><p>Et si vous cassiez la routine de vos entra\u00eenements piscine ? R\u00e9alisez des gestes techniques dans un minimum de temps, parcourez des longueurs en vous <a class=\"mh-excerpt-more\" href=\"https:\/\/codep84.com\/?page_id=83\" title=\"Commission Plong\u00e9e Sportive en Piscine\">[&#8230;]<\/a><\/p>\n<\/div>","protected":false},"author":1,"featured_media":0,"parent":0,"menu_order":0,"comment_status":"closed","ping_status":"closed","template":"","meta":{"footnotes":""},"class_list":["post-83","page","type-page","status-publish","hentry"],"_links":{"self":[{"href":"https:\/\/codep84.com\/index.php?rest_route=\/wp\/v2\/pages\/83","targetHints":{"allow":["GET"]}}],"collection":[{"href":"https:\/\/codep84.com\/index.php?rest_route=\/wp\/v2\/pages"}],"about":[{"href":"https:\/\/codep84.com\/index.php?rest_route=\/wp\/v2\/types\/page"}],"author":[{"embeddable":true,"href":"https:\/\/codep84.com\/index.php?rest_route=\/wp\/v2\/users\/1"}],"replies":[{"embeddable":true,"href":"https:\/\/codep84.com\/index.php?rest_route=%2Fwp%2Fv2%2Fcomments&post=83"}],"version-history":[{"count":2,"href":"https:\/\/codep84.com\/index.php?rest_route=\/wp\/v2\/pages\/83\/revisions"}],"predecessor-version":[{"id":579,"href":"https:\/\/codep84.com\/index.php?rest_route=\/wp\/v2\/pages\/83\/revisions\/579"}],"wp:attachment":[{"href":"https:\/\/codep84.com\/index.php?rest_route=%2Fwp%2Fv2%2Fmedia&parent=83"}],"curies":[{"name":"wp","href":"https:\/\/api.w.org\/{rel}","templated":true}]}}