{"id":80,"date":"2023-01-31T17:54:59","date_gmt":"2023-01-31T16:54:59","guid":{"rendered":"http:\/\/codep84.com\/?page_id=80"},"modified":"2025-09-18T20:45:08","modified_gmt":"2025-09-18T18:45:08","slug":"commission-photo-video","status":"publish","type":"page","link":"https:\/\/codep84.com\/?page_id=80","title":{"rendered":"Commission Photo &#038; Vid\u00e9o"},"content":{"rendered":"<p><img loading=\"lazy\" decoding=\"async\" class=\"alignnone size-medium wp-image-16 aligncenter\" src=\"https:\/\/codep84.com\/wp-content\/uploads\/2023\/01\/Banderole-Photo-300x78.jpg\" alt=\"\" width=\"300\" height=\"78\" srcset=\"https:\/\/codep84.com\/wp-content\/uploads\/2023\/01\/Banderole-Photo-300x78.jpg 300w, https:\/\/codep84.com\/wp-content\/uploads\/2023\/01\/Banderole-Photo-768x199.jpg 768w, https:\/\/codep84.com\/wp-content\/uploads\/2023\/01\/Banderole-Photo.jpg 1024w\" sizes=\"auto, (max-width: 300px) 100vw, 300px\" \/><\/p>\n<p>Am\u00e9liorez votre technique et votre sens de l\u2019esth\u00e9tisme, r\u00e9v\u00e9lez votre c\u00f4t\u00e9 artistique !<\/p>\n<p>Gr\u00e2ce aux progr\u00e8s des nouvelles technologies, la photo sous-marine est devenue accessible \u00e0 tout le monde.<\/p>\n<p>La Commission Photo Vid\u00e9o a pour vocation de promouvoir, encadrer et d\u00e9velopper la pratique de l\u2019image subaquatique, qu\u2019il s\u2019agisse de photographie ou de vid\u00e9o, en milieu naturel ou artificiel. Elle s\u2019adresse \u00e0 tous les plongeurs, du d\u00e9butant curieux au passionn\u00e9 confirm\u00e9, et propose un cadre \u00e0 la fois artistique, technique et p\u00e9dagogique.<\/p>\n<p>Elle propose\u00a0:<\/p>\n<p>Des stages de formation : initiation \u00e0 la photo\/vid\u00e9o subaquatique, perfectionnement, retouche num\u00e9rique<\/p>\n<p>Des sorties th\u00e9matiques : plong\u00e9es d\u00e9di\u00e9es \u00e0 la prise de vue (macro, ambiance, biologie, patrimoine)<\/p>\n<p>Des expositions : valorisation des productions des membres lors de salons, forums ou \u00e9v\u00e9nements locaux<\/p>\n<p><img loading=\"lazy\" decoding=\"async\" class=\"size-medium wp-image-81 alignleft\" src=\"https:\/\/codep84.com\/wp-content\/uploads\/2023\/01\/Photo-Video-240x300.jpg\" alt=\"\" width=\"240\" height=\"300\" srcset=\"https:\/\/codep84.com\/wp-content\/uploads\/2023\/01\/Photo-Video-240x300.jpg 240w, https:\/\/codep84.com\/wp-content\/uploads\/2023\/01\/Photo-Video.jpg 614w\" sizes=\"auto, (max-width: 240px) 100vw, 240px\" \/><\/p>\n","protected":false},"excerpt":{"rendered":"<div class=\"mh-excerpt\"><p>Am\u00e9liorez votre technique et votre sens de l\u2019esth\u00e9tisme, r\u00e9v\u00e9lez votre c\u00f4t\u00e9 artistique ! Gr\u00e2ce aux progr\u00e8s des nouvelles technologies, la photo sous-marine est devenue accessible <a class=\"mh-excerpt-more\" href=\"https:\/\/codep84.com\/?page_id=80\" title=\"Commission Photo &#038; Vid\u00e9o\">[&#8230;]<\/a><\/p>\n<\/div>","protected":false},"author":1,"featured_media":0,"parent":0,"menu_order":0,"comment_status":"closed","ping_status":"closed","template":"","meta":{"footnotes":""},"class_list":["post-80","page","type-page","status-publish","hentry"],"_links":{"self":[{"href":"https:\/\/codep84.com\/index.php?rest_route=\/wp\/v2\/pages\/80","targetHints":{"allow":["GET"]}}],"collection":[{"href":"https:\/\/codep84.com\/index.php?rest_route=\/wp\/v2\/pages"}],"about":[{"href":"https:\/\/codep84.com\/index.php?rest_route=\/wp\/v2\/types\/page"}],"author":[{"embeddable":true,"href":"https:\/\/codep84.com\/index.php?rest_route=\/wp\/v2\/users\/1"}],"replies":[{"embeddable":true,"href":"https:\/\/codep84.com\/index.php?rest_route=%2Fwp%2Fv2%2Fcomments&post=80"}],"version-history":[{"count":2,"href":"https:\/\/codep84.com\/index.php?rest_route=\/wp\/v2\/pages\/80\/revisions"}],"predecessor-version":[{"id":578,"href":"https:\/\/codep84.com\/index.php?rest_route=\/wp\/v2\/pages\/80\/revisions\/578"}],"wp:attachment":[{"href":"https:\/\/codep84.com\/index.php?rest_route=%2Fwp%2Fv2%2Fmedia&parent=80"}],"curies":[{"name":"wp","href":"https:\/\/api.w.org\/{rel}","templated":true}]}}