{"id":75,"date":"2023-01-31T17:46:34","date_gmt":"2023-01-31T16:46:34","guid":{"rendered":"http:\/\/codep84.com\/?page_id=75"},"modified":"2025-09-18T20:46:26","modified_gmt":"2025-09-18T18:46:26","slug":"commission-biologie-environnement","status":"publish","type":"page","link":"https:\/\/codep84.com\/?page_id=75","title":{"rendered":"Commission Biologie &#038; environnement"},"content":{"rendered":"<p><img loading=\"lazy\" decoding=\"async\" class=\"alignnone size-medium wp-image-13 aligncenter\" src=\"https:\/\/codep84.com\/wp-content\/uploads\/2023\/01\/Banderole-Bio-300x78.jpg\" alt=\"\" width=\"300\" height=\"78\" srcset=\"https:\/\/codep84.com\/wp-content\/uploads\/2023\/01\/Banderole-Bio-300x78.jpg 300w, https:\/\/codep84.com\/wp-content\/uploads\/2023\/01\/Banderole-Bio-768x199.jpg 768w, https:\/\/codep84.com\/wp-content\/uploads\/2023\/01\/Banderole-Bio.jpg 1024w\" sizes=\"auto, (max-width: 300px) 100vw, 300px\" \/><\/p>\n<p>Si vous voulez aller au-del\u00e0 du plaisir des yeux, du c\u00f4t\u00e9 r\u00e9cr\u00e9atif ou sportif, cette activit\u00e9 est faite pour vous.<\/p>\n<p>Vous comprendrez comment toute la vie subaquatique s\u2019organise, les particularit\u00e9s de chaque milieu\u2026<\/p>\n<p>Observez la r\u00e9action d\u2019un poisson quand vous vous en approchez\u00a0!<\/p>\n<p>La biologie subaquatique permet aux plongeurs d\u2019explorer et comprendre les \u00e9cosyst\u00e8mes marins et d\u2019eau douce. Le CODEP peut :<\/p>\n<ul>\n<li>Organiser des stages de d\u00e9couverte ou de perfectionnement (niveau PB1 \u00e0 FB3)<\/li>\n<li>Proposer des sorties d\u2019observation en mer, lac ou rivi\u00e8re<\/li>\n<li>Sensibiliser \u00e0 la protection de la biodiversit\u00e9 et aux esp\u00e8ces envahissantes<\/li>\n<\/ul>\n<p>SOYEZ PR\u00caTS \u00e0 vous \u00e9merveiller !<\/p>\n<p><img loading=\"lazy\" decoding=\"async\" class=\"size-medium wp-image-10 alignleft\" src=\"https:\/\/codep84.com\/wp-content\/uploads\/2023\/01\/Bio-300x225.jpg\" alt=\"\" width=\"300\" height=\"225\" srcset=\"https:\/\/codep84.com\/wp-content\/uploads\/2023\/01\/Bio-300x225.jpg 300w, https:\/\/codep84.com\/wp-content\/uploads\/2023\/01\/Bio-1024x768.jpg 1024w, https:\/\/codep84.com\/wp-content\/uploads\/2023\/01\/Bio-768x576.jpg 768w, https:\/\/codep84.com\/wp-content\/uploads\/2023\/01\/Bio-678x509.jpg 678w, https:\/\/codep84.com\/wp-content\/uploads\/2023\/01\/Bio-326x245.jpg 326w, https:\/\/codep84.com\/wp-content\/uploads\/2023\/01\/Bio-80x60.jpg 80w, https:\/\/codep84.com\/wp-content\/uploads\/2023\/01\/Bio.jpg 1200w\" sizes=\"auto, (max-width: 300px) 100vw, 300px\" \/><\/p>\n","protected":false},"excerpt":{"rendered":"<div class=\"mh-excerpt\"><p>Si vous voulez aller au-del\u00e0 du plaisir des yeux, du c\u00f4t\u00e9 r\u00e9cr\u00e9atif ou sportif, cette activit\u00e9 est faite pour vous. Vous comprendrez comment toute la <a class=\"mh-excerpt-more\" href=\"https:\/\/codep84.com\/?page_id=75\" title=\"Commission Biologie &#038; environnement\">[&#8230;]<\/a><\/p>\n<\/div>","protected":false},"author":1,"featured_media":0,"parent":0,"menu_order":0,"comment_status":"closed","ping_status":"closed","template":"","meta":{"footnotes":""},"class_list":["post-75","page","type-page","status-publish","hentry"],"_links":{"self":[{"href":"https:\/\/codep84.com\/index.php?rest_route=\/wp\/v2\/pages\/75","targetHints":{"allow":["GET"]}}],"collection":[{"href":"https:\/\/codep84.com\/index.php?rest_route=\/wp\/v2\/pages"}],"about":[{"href":"https:\/\/codep84.com\/index.php?rest_route=\/wp\/v2\/types\/page"}],"author":[{"embeddable":true,"href":"https:\/\/codep84.com\/index.php?rest_route=\/wp\/v2\/users\/1"}],"replies":[{"embeddable":true,"href":"https:\/\/codep84.com\/index.php?rest_route=%2Fwp%2Fv2%2Fcomments&post=75"}],"version-history":[{"count":2,"href":"https:\/\/codep84.com\/index.php?rest_route=\/wp\/v2\/pages\/75\/revisions"}],"predecessor-version":[{"id":580,"href":"https:\/\/codep84.com\/index.php?rest_route=\/wp\/v2\/pages\/75\/revisions\/580"}],"wp:attachment":[{"href":"https:\/\/codep84.com\/index.php?rest_route=%2Fwp%2Fv2%2Fmedia&parent=75"}],"curies":[{"name":"wp","href":"https:\/\/api.w.org\/{rel}","templated":true}]}}