{"id":73,"date":"2023-01-31T17:33:59","date_gmt":"2023-01-31T16:33:59","guid":{"rendered":"http:\/\/codep84.com\/?page_id=73"},"modified":"2026-02-26T00:10:26","modified_gmt":"2026-02-25T23:10:26","slug":"bureau","status":"publish","type":"page","link":"https:\/\/codep84.com\/?page_id=73","title":{"rendered":"Bureau"},"content":{"rendered":"<h2 style=\"text-align: center;\"><span style=\"color: #ff0000;\">Le bureau du CODEP VAUCLUSE<\/span><\/h2>\n<h2>Comit\u00e9 directeur<\/h2>\n<div id='gallery-1' class='gallery galleryid-73 gallery-columns-6 gallery-size-full'><figure class='gallery-item'>\n\t\t\t<div class='gallery-icon portrait'>\n\t\t\t\t<img loading=\"lazy\" decoding=\"async\" width=\"924\" height=\"1266\" src=\"https:\/\/codep84.com\/wp-content\/uploads\/2026\/02\/Photo-Christelle-BAUDIN-2.jpg\" class=\"attachment-full size-full\" alt=\"\" aria-describedby=\"gallery-1-899\" srcset=\"https:\/\/codep84.com\/wp-content\/uploads\/2026\/02\/Photo-Christelle-BAUDIN-2.jpg 924w, https:\/\/codep84.com\/wp-content\/uploads\/2026\/02\/Photo-Christelle-BAUDIN-2-219x300.jpg 219w, https:\/\/codep84.com\/wp-content\/uploads\/2026\/02\/Photo-Christelle-BAUDIN-2-747x1024.jpg 747w, https:\/\/codep84.com\/wp-content\/uploads\/2026\/02\/Photo-Christelle-BAUDIN-2-768x1052.jpg 768w\" sizes=\"auto, (max-width: 924px) 100vw, 924px\" \/>\n\t\t\t<\/div>\n\t\t\t\t<figcaption class='wp-caption-text gallery-caption' id='gallery-1-899'>\n\t\t\t\tChristelle BAUDIN\n\t\t\t\t<\/figcaption><\/figure><figure class='gallery-item'>\n\t\t\t<div class='gallery-icon portrait'>\n\t\t\t\t<img loading=\"lazy\" decoding=\"async\" width=\"1452\" height=\"1486\" src=\"https:\/\/codep84.com\/wp-content\/uploads\/2026\/02\/20260119_204931.jpg\" class=\"attachment-full size-full\" alt=\"\" aria-describedby=\"gallery-1-835\" srcset=\"https:\/\/codep84.com\/wp-content\/uploads\/2026\/02\/20260119_204931.jpg 1452w, https:\/\/codep84.com\/wp-content\/uploads\/2026\/02\/20260119_204931-293x300.jpg 293w, https:\/\/codep84.com\/wp-content\/uploads\/2026\/02\/20260119_204931-1001x1024.jpg 1001w, https:\/\/codep84.com\/wp-content\/uploads\/2026\/02\/20260119_204931-768x786.jpg 768w\" sizes=\"auto, (max-width: 1452px) 100vw, 1452px\" \/>\n\t\t\t<\/div>\n\t\t\t\t<figcaption class='wp-caption-text gallery-caption' id='gallery-1-835'>\n\t\t\t\tThierry BAUDRIER\n\t\t\t\t<\/figcaption><\/figure><figure class='gallery-item'>\n\t\t\t<div class='gallery-icon portrait'>\n\t\t\t\t<img loading=\"lazy\" decoding=\"async\" width=\"1885\" height=\"1896\" src=\"https:\/\/codep84.com\/wp-content\/uploads\/2026\/02\/Photo-Suzy-BERTRAND-2.jpg\" class=\"attachment-full size-full\" alt=\"\" aria-describedby=\"gallery-1-914\" srcset=\"https:\/\/codep84.com\/wp-content\/uploads\/2026\/02\/Photo-Suzy-BERTRAND-2.jpg 1885w, https:\/\/codep84.com\/wp-content\/uploads\/2026\/02\/Photo-Suzy-BERTRAND-2-298x300.jpg 298w, https:\/\/codep84.com\/wp-content\/uploads\/2026\/02\/Photo-Suzy-BERTRAND-2-1018x1024.jpg 1018w, https:\/\/codep84.com\/wp-content\/uploads\/2026\/02\/Photo-Suzy-BERTRAND-2-150x150.jpg 150w, https:\/\/codep84.com\/wp-content\/uploads\/2026\/02\/Photo-Suzy-BERTRAND-2-768x772.jpg 768w, https:\/\/codep84.com\/wp-content\/uploads\/2026\/02\/Photo-Suzy-BERTRAND-2-1527x1536.jpg 1527w\" sizes=\"auto, (max-width: 1885px) 100vw, 1885px\" \/>\n\t\t\t<\/div>\n\t\t\t\t<figcaption class='wp-caption-text gallery-caption' id='gallery-1-914'>\n\t\t\t\tSuzy BERTRAND\n\t\t\t\t<\/figcaption><\/figure><figure class='gallery-item'>\n\t\t\t<div class='gallery-icon portrait'>\n\t\t\t\t<img loading=\"lazy\" decoding=\"async\" width=\"221\" height=\"339\" src=\"https:\/\/codep84.com\/wp-content\/uploads\/2026\/02\/Photo-Philippe-BERTRAND-2.jpg\" class=\"attachment-full size-full\" alt=\"\" aria-describedby=\"gallery-1-907\" srcset=\"https:\/\/codep84.com\/wp-content\/uploads\/2026\/02\/Photo-Philippe-BERTRAND-2.jpg 221w, https:\/\/codep84.com\/wp-content\/uploads\/2026\/02\/Photo-Philippe-BERTRAND-2-196x300.jpg 196w\" sizes=\"auto, (max-width: 221px) 100vw, 221px\" \/>\n\t\t\t<\/div>\n\t\t\t\t<figcaption class='wp-caption-text gallery-caption' id='gallery-1-907'>\n\t\t\t\tPhilippe BERTRAND\n\t\t\t\t<\/figcaption><\/figure><figure class='gallery-item'>\n\t\t\t<div class='gallery-icon portrait'>\n\t\t\t\t<img loading=\"lazy\" decoding=\"async\" width=\"442\" height=\"472\" src=\"https:\/\/codep84.com\/wp-content\/uploads\/2025\/10\/B7B960CC-0827-402B-A11D-9D94FF4E4346.jpeg\" class=\"attachment-full size-full\" alt=\"\" aria-describedby=\"gallery-1-717\" srcset=\"https:\/\/codep84.com\/wp-content\/uploads\/2025\/10\/B7B960CC-0827-402B-A11D-9D94FF4E4346.jpeg 442w, https:\/\/codep84.com\/wp-content\/uploads\/2025\/10\/B7B960CC-0827-402B-A11D-9D94FF4E4346-281x300.jpeg 281w\" sizes=\"auto, (max-width: 442px) 100vw, 442px\" \/>\n\t\t\t<\/div>\n\t\t\t\t<figcaption class='wp-caption-text gallery-caption' id='gallery-1-717'>\n\t\t\t\tV\u00e9ronique BONHOMME\n\t\t\t\t<\/figcaption><\/figure><figure class='gallery-item'>\n\t\t\t<div class='gallery-icon landscape'>\n\t\t\t\t<img loading=\"lazy\" decoding=\"async\" width=\"600\" height=\"600\" src=\"https:\/\/codep84.com\/wp-content\/uploads\/2026\/02\/photo-Sophie-Bouchier-Nr-1-2.jpg\" class=\"attachment-full size-full\" alt=\"\" aria-describedby=\"gallery-1-913\" srcset=\"https:\/\/codep84.com\/wp-content\/uploads\/2026\/02\/photo-Sophie-Bouchier-Nr-1-2.jpg 600w, https:\/\/codep84.com\/wp-content\/uploads\/2026\/02\/photo-Sophie-Bouchier-Nr-1-2-300x300.jpg 300w, https:\/\/codep84.com\/wp-content\/uploads\/2026\/02\/photo-Sophie-Bouchier-Nr-1-2-150x150.jpg 150w\" sizes=\"auto, (max-width: 600px) 100vw, 600px\" \/>\n\t\t\t<\/div>\n\t\t\t\t<figcaption class='wp-caption-text gallery-caption' id='gallery-1-913'>\n\t\t\t\tSophie BOUCHIER\n\t\t\t\t<\/figcaption><\/figure><figure class='gallery-item'>\n\t\t\t<div class='gallery-icon landscape'>\n\t\t\t\t<img loading=\"lazy\" decoding=\"async\" width=\"2560\" height=\"1707\" src=\"https:\/\/codep84.com\/wp-content\/uploads\/2026\/02\/PHOTO-Roselyne-DENIS-2-scaled.jpg\" class=\"attachment-full size-full\" alt=\"\" aria-describedby=\"gallery-1-911\" srcset=\"https:\/\/codep84.com\/wp-content\/uploads\/2026\/02\/PHOTO-Roselyne-DENIS-2-scaled.jpg 2560w, https:\/\/codep84.com\/wp-content\/uploads\/2026\/02\/PHOTO-Roselyne-DENIS-2-300x200.jpg 300w, https:\/\/codep84.com\/wp-content\/uploads\/2026\/02\/PHOTO-Roselyne-DENIS-2-1024x683.jpg 1024w, https:\/\/codep84.com\/wp-content\/uploads\/2026\/02\/PHOTO-Roselyne-DENIS-2-768x512.jpg 768w, https:\/\/codep84.com\/wp-content\/uploads\/2026\/02\/PHOTO-Roselyne-DENIS-2-1536x1024.jpg 1536w, https:\/\/codep84.com\/wp-content\/uploads\/2026\/02\/PHOTO-Roselyne-DENIS-2-2048x1365.jpg 2048w\" sizes=\"auto, (max-width: 2560px) 100vw, 2560px\" \/>\n\t\t\t<\/div>\n\t\t\t\t<figcaption class='wp-caption-text gallery-caption' id='gallery-1-911'>\n\t\t\t\tRoselyne DENIS\n\t\t\t\t<\/figcaption><\/figure><figure class='gallery-item'>\n\t\t\t<div class='gallery-icon portrait'>\n\t\t\t\t<img loading=\"lazy\" decoding=\"async\" width=\"1056\" height=\"1408\" src=\"https:\/\/codep84.com\/wp-content\/uploads\/2026\/02\/Photo-Andre-Bryselbout-2.jpg\" class=\"attachment-full size-full\" alt=\"\" aria-describedby=\"gallery-1-896\" srcset=\"https:\/\/codep84.com\/wp-content\/uploads\/2026\/02\/Photo-Andre-Bryselbout-2.jpg 1056w, https:\/\/codep84.com\/wp-content\/uploads\/2026\/02\/Photo-Andre-Bryselbout-2-225x300.jpg 225w, https:\/\/codep84.com\/wp-content\/uploads\/2026\/02\/Photo-Andre-Bryselbout-2-768x1024.jpg 768w\" sizes=\"auto, (max-width: 1056px) 100vw, 1056px\" \/>\n\t\t\t<\/div>\n\t\t\t\t<figcaption class='wp-caption-text gallery-caption' id='gallery-1-896'>\n\t\t\t\tAndre BRYSELBOUT\n\t\t\t\t<\/figcaption><\/figure><figure class='gallery-item'>\n\t\t\t<div class='gallery-icon portrait'>\n\t\t\t\t<img loading=\"lazy\" decoding=\"async\" width=\"1073\" height=\"1431\" src=\"https:\/\/codep84.com\/wp-content\/uploads\/2026\/02\/Photo-Pascal-BLOUET.jpeg\" class=\"attachment-full size-full\" alt=\"\" aria-describedby=\"gallery-1-923\" srcset=\"https:\/\/codep84.com\/wp-content\/uploads\/2026\/02\/Photo-Pascal-BLOUET.jpeg 1073w, https:\/\/codep84.com\/wp-content\/uploads\/2026\/02\/Photo-Pascal-BLOUET-225x300.jpeg 225w, https:\/\/codep84.com\/wp-content\/uploads\/2026\/02\/Photo-Pascal-BLOUET-768x1024.jpeg 768w\" sizes=\"auto, (max-width: 1073px) 100vw, 1073px\" \/>\n\t\t\t<\/div>\n\t\t\t\t<figcaption class='wp-caption-text gallery-caption' id='gallery-1-923'>\n\t\t\t\tPascal BLOUET\n\t\t\t\t<\/figcaption><\/figure><figure class='gallery-item'>\n\t\t\t<div class='gallery-icon portrait'>\n\t\t\t\t<img loading=\"lazy\" decoding=\"async\" width=\"295\" height=\"640\" src=\"https:\/\/codep84.com\/wp-content\/uploads\/2026\/02\/Photo-Sebastien-DUVAL.png\" class=\"attachment-full size-full\" alt=\"\" aria-describedby=\"gallery-1-924\" srcset=\"https:\/\/codep84.com\/wp-content\/uploads\/2026\/02\/Photo-Sebastien-DUVAL.png 295w, https:\/\/codep84.com\/wp-content\/uploads\/2026\/02\/Photo-Sebastien-DUVAL-138x300.png 138w\" sizes=\"auto, (max-width: 295px) 100vw, 295px\" \/>\n\t\t\t<\/div>\n\t\t\t\t<figcaption class='wp-caption-text gallery-caption' id='gallery-1-924'>\n\t\t\t\tS\u00e9bastien DUVAL\n\t\t\t\t<\/figcaption><\/figure><figure class='gallery-item'>\n\t\t\t<div class='gallery-icon portrait'>\n\t\t\t\t<img loading=\"lazy\" decoding=\"async\" width=\"704\" height=\"808\" src=\"https:\/\/codep84.com\/wp-content\/uploads\/2026\/02\/Photo-Luc-FISCHER-2.jpg\" class=\"attachment-full size-full\" alt=\"\" aria-describedby=\"gallery-1-904\" srcset=\"https:\/\/codep84.com\/wp-content\/uploads\/2026\/02\/Photo-Luc-FISCHER-2.jpg 704w, https:\/\/codep84.com\/wp-content\/uploads\/2026\/02\/Photo-Luc-FISCHER-2-261x300.jpg 261w\" sizes=\"auto, (max-width: 704px) 100vw, 704px\" \/>\n\t\t\t<\/div>\n\t\t\t\t<figcaption class='wp-caption-text gallery-caption' id='gallery-1-904'>\n\t\t\t\tLuc FISCHER\n\t\t\t\t<\/figcaption><\/figure><figure class='gallery-item'>\n\t\t\t<div class='gallery-icon portrait'>\n\t\t\t\t<img loading=\"lazy\" decoding=\"async\" width=\"277\" height=\"336\" src=\"https:\/\/codep84.com\/wp-content\/uploads\/2026\/02\/Photo-Franck-HARDY-2.png\" class=\"attachment-full size-full\" alt=\"\" aria-describedby=\"gallery-1-900\" srcset=\"https:\/\/codep84.com\/wp-content\/uploads\/2026\/02\/Photo-Franck-HARDY-2.png 277w, https:\/\/codep84.com\/wp-content\/uploads\/2026\/02\/Photo-Franck-HARDY-2-247x300.png 247w\" sizes=\"auto, (max-width: 277px) 100vw, 277px\" \/>\n\t\t\t<\/div>\n\t\t\t\t<figcaption class='wp-caption-text gallery-caption' id='gallery-1-900'>\n\t\t\t\tFranck HARDY\n\t\t\t\t<\/figcaption><\/figure><figure class='gallery-item'>\n\t\t\t<div class='gallery-icon portrait'>\n\t\t\t\t<img loading=\"lazy\" decoding=\"async\" width=\"1920\" height=\"2560\" src=\"https:\/\/codep84.com\/wp-content\/uploads\/2026\/02\/Photo-Sebastien-Grandjean-2-scaled.jpeg\" class=\"attachment-full size-full\" alt=\"\" aria-describedby=\"gallery-1-912\" srcset=\"https:\/\/codep84.com\/wp-content\/uploads\/2026\/02\/Photo-Sebastien-Grandjean-2-scaled.jpeg 1920w, https:\/\/codep84.com\/wp-content\/uploads\/2026\/02\/Photo-Sebastien-Grandjean-2-225x300.jpeg 225w, https:\/\/codep84.com\/wp-content\/uploads\/2026\/02\/Photo-Sebastien-Grandjean-2-768x1024.jpeg 768w, https:\/\/codep84.com\/wp-content\/uploads\/2026\/02\/Photo-Sebastien-Grandjean-2-1152x1536.jpeg 1152w, https:\/\/codep84.com\/wp-content\/uploads\/2026\/02\/Photo-Sebastien-Grandjean-2-1536x2048.jpeg 1536w\" sizes=\"auto, (max-width: 1920px) 100vw, 1920px\" \/>\n\t\t\t<\/div>\n\t\t\t\t<figcaption class='wp-caption-text gallery-caption' id='gallery-1-912'>\n\t\t\t\tS\u00e9bastien GRANDJEAN\n\t\t\t\t<\/figcaption><\/figure><figure class='gallery-item'>\n\t\t\t<div class='gallery-icon landscape'>\n\t\t\t\t<img loading=\"lazy\" decoding=\"async\" width=\"1361\" height=\"1261\" src=\"https:\/\/codep84.com\/wp-content\/uploads\/2026\/02\/Photo-fred-HEBRARD-2.jpg\" class=\"attachment-full size-full\" alt=\"\" aria-describedby=\"gallery-1-901\" srcset=\"https:\/\/codep84.com\/wp-content\/uploads\/2026\/02\/Photo-fred-HEBRARD-2.jpg 1361w, https:\/\/codep84.com\/wp-content\/uploads\/2026\/02\/Photo-fred-HEBRARD-2-300x278.jpg 300w, https:\/\/codep84.com\/wp-content\/uploads\/2026\/02\/Photo-fred-HEBRARD-2-1024x949.jpg 1024w, https:\/\/codep84.com\/wp-content\/uploads\/2026\/02\/Photo-fred-HEBRARD-2-768x712.jpg 768w\" sizes=\"auto, (max-width: 1361px) 100vw, 1361px\" \/>\n\t\t\t<\/div>\n\t\t\t\t<figcaption class='wp-caption-text gallery-caption' id='gallery-1-901'>\n\t\t\t\tFrederique HEBRARD\n\t\t\t\t<\/figcaption><\/figure><figure class='gallery-item'>\n\t\t\t<div class='gallery-icon landscape'>\n\t\t\t\t<img loading=\"lazy\" decoding=\"async\" width=\"2560\" height=\"2208\" src=\"https:\/\/codep84.com\/wp-content\/uploads\/2026\/02\/Photo-Jean-LAPEYRERE-2-scaled.jpg\" class=\"attachment-full size-full\" alt=\"\" aria-describedby=\"gallery-1-902\" srcset=\"https:\/\/codep84.com\/wp-content\/uploads\/2026\/02\/Photo-Jean-LAPEYRERE-2-scaled.jpg 2560w, https:\/\/codep84.com\/wp-content\/uploads\/2026\/02\/Photo-Jean-LAPEYRERE-2-300x259.jpg 300w, https:\/\/codep84.com\/wp-content\/uploads\/2026\/02\/Photo-Jean-LAPEYRERE-2-1024x883.jpg 1024w, https:\/\/codep84.com\/wp-content\/uploads\/2026\/02\/Photo-Jean-LAPEYRERE-2-768x662.jpg 768w, https:\/\/codep84.com\/wp-content\/uploads\/2026\/02\/Photo-Jean-LAPEYRERE-2-1536x1325.jpg 1536w, https:\/\/codep84.com\/wp-content\/uploads\/2026\/02\/Photo-Jean-LAPEYRERE-2-2048x1766.jpg 2048w\" sizes=\"auto, (max-width: 2560px) 100vw, 2560px\" \/>\n\t\t\t<\/div>\n\t\t\t\t<figcaption class='wp-caption-text gallery-caption' id='gallery-1-902'>\n\t\t\t\tJean LAPEYRERE\n\t\t\t\t<\/figcaption><\/figure><figure class='gallery-item'>\n\t\t\t<div class='gallery-icon portrait'>\n\t\t\t\t<img loading=\"lazy\" decoding=\"async\" width=\"100\" height=\"150\" src=\"https:\/\/codep84.com\/wp-content\/uploads\/2025\/10\/renaud-1-1.jpg\" class=\"attachment-full size-full\" alt=\"\" aria-describedby=\"gallery-1-758\" \/>\n\t\t\t<\/div>\n\t\t\t\t<figcaption class='wp-caption-text gallery-caption' id='gallery-1-758'>\n\t\t\t\tCT &#8211; Renaud LEYMARIE\n\t\t\t\t<\/figcaption><\/figure><figure class='gallery-item'>\n\t\t\t<div class='gallery-icon portrait'>\n\t\t\t\t<img loading=\"lazy\" decoding=\"async\" width=\"559\" height=\"640\" src=\"https:\/\/codep84.com\/wp-content\/uploads\/2026\/02\/Photo-Annie-MILLET-2.jpg\" class=\"attachment-full size-full\" alt=\"\" aria-describedby=\"gallery-1-898\" srcset=\"https:\/\/codep84.com\/wp-content\/uploads\/2026\/02\/Photo-Annie-MILLET-2.jpg 559w, https:\/\/codep84.com\/wp-content\/uploads\/2026\/02\/Photo-Annie-MILLET-2-262x300.jpg 262w\" sizes=\"auto, (max-width: 559px) 100vw, 559px\" \/>\n\t\t\t<\/div>\n\t\t\t\t<figcaption class='wp-caption-text gallery-caption' id='gallery-1-898'>\n\t\t\t\tAnnie MILLET\n\t\t\t\t<\/figcaption><\/figure><figure class='gallery-item'>\n\t\t\t<div class='gallery-icon portrait'>\n\t\t\t\t<img loading=\"lazy\" decoding=\"async\" width=\"644\" height=\"868\" src=\"https:\/\/codep84.com\/wp-content\/uploads\/2026\/02\/Photo-Eric-MONMONT2-1.jpg\" class=\"attachment-full size-full\" alt=\"\" aria-describedby=\"gallery-1-927\" srcset=\"https:\/\/codep84.com\/wp-content\/uploads\/2026\/02\/Photo-Eric-MONMONT2-1.jpg 644w, https:\/\/codep84.com\/wp-content\/uploads\/2026\/02\/Photo-Eric-MONMONT2-1-223x300.jpg 223w\" sizes=\"auto, (max-width: 644px) 100vw, 644px\" \/>\n\t\t\t<\/div>\n\t\t\t\t<figcaption class='wp-caption-text gallery-caption' id='gallery-1-927'>\n\t\t\t\tEric MONMONT\n\t\t\t\t<\/figcaption><\/figure><figure class='gallery-item'>\n\t\t\t<div class='gallery-icon landscape'>\n\t\t\t\t<img loading=\"lazy\" decoding=\"async\" width=\"2048\" height=\"1156\" src=\"https:\/\/codep84.com\/wp-content\/uploads\/2026\/02\/Photo-Philippe-Navarro-2.jpg\" class=\"attachment-full size-full\" alt=\"\" aria-describedby=\"gallery-1-908\" srcset=\"https:\/\/codep84.com\/wp-content\/uploads\/2026\/02\/Photo-Philippe-Navarro-2.jpg 2048w, https:\/\/codep84.com\/wp-content\/uploads\/2026\/02\/Photo-Philippe-Navarro-2-300x169.jpg 300w, https:\/\/codep84.com\/wp-content\/uploads\/2026\/02\/Photo-Philippe-Navarro-2-1024x578.jpg 1024w, https:\/\/codep84.com\/wp-content\/uploads\/2026\/02\/Photo-Philippe-Navarro-2-768x434.jpg 768w, https:\/\/codep84.com\/wp-content\/uploads\/2026\/02\/Photo-Philippe-Navarro-2-1536x867.jpg 1536w\" sizes=\"auto, (max-width: 2048px) 100vw, 2048px\" \/>\n\t\t\t<\/div>\n\t\t\t\t<figcaption class='wp-caption-text gallery-caption' id='gallery-1-908'>\n\t\t\t\tPhilippe NAVARRO\n\t\t\t\t<\/figcaption><\/figure><figure class='gallery-item'>\n\t\t\t<div class='gallery-icon landscape'>\n\t\t\t\t<img loading=\"lazy\" decoding=\"async\" width=\"393\" height=\"393\" src=\"https:\/\/codep84.com\/wp-content\/uploads\/2025\/11\/photo-profil-valerie-2025.jpg\" class=\"attachment-full size-full\" alt=\"\" aria-describedby=\"gallery-1-783\" srcset=\"https:\/\/codep84.com\/wp-content\/uploads\/2025\/11\/photo-profil-valerie-2025.jpg 393w, https:\/\/codep84.com\/wp-content\/uploads\/2025\/11\/photo-profil-valerie-2025-300x300.jpg 300w, https:\/\/codep84.com\/wp-content\/uploads\/2025\/11\/photo-profil-valerie-2025-150x150.jpg 150w\" sizes=\"auto, (max-width: 393px) 100vw, 393px\" \/>\n\t\t\t<\/div>\n\t\t\t\t<figcaption class='wp-caption-text gallery-caption' id='gallery-1-783'>\n\t\t\t\tVal\u00e9rie PEYTIER\n\t\t\t\t<\/figcaption><\/figure><figure class='gallery-item'>\n\t\t\t<div class='gallery-icon landscape'>\n\t\t\t\t<img loading=\"lazy\" decoding=\"async\" width=\"1280\" height=\"960\" src=\"https:\/\/codep84.com\/wp-content\/uploads\/2026\/02\/Photos-Christian-RICO-2.png\" class=\"attachment-full size-full\" alt=\"\" aria-describedby=\"gallery-1-894\" srcset=\"https:\/\/codep84.com\/wp-content\/uploads\/2026\/02\/Photos-Christian-RICO-2.png 1280w, https:\/\/codep84.com\/wp-content\/uploads\/2026\/02\/Photos-Christian-RICO-2-300x225.png 300w, https:\/\/codep84.com\/wp-content\/uploads\/2026\/02\/Photos-Christian-RICO-2-1024x768.png 1024w, https:\/\/codep84.com\/wp-content\/uploads\/2026\/02\/Photos-Christian-RICO-2-768x576.png 768w, https:\/\/codep84.com\/wp-content\/uploads\/2026\/02\/Photos-Christian-RICO-2-678x509.png 678w, https:\/\/codep84.com\/wp-content\/uploads\/2026\/02\/Photos-Christian-RICO-2-326x245.png 326w, https:\/\/codep84.com\/wp-content\/uploads\/2026\/02\/Photos-Christian-RICO-2-80x60.png 80w\" sizes=\"auto, (max-width: 1280px) 100vw, 1280px\" \/>\n\t\t\t<\/div>\n\t\t\t\t<figcaption class='wp-caption-text gallery-caption' id='gallery-1-894'>\n\t\t\t\tChristian RICO\n\t\t\t\t<\/figcaption><\/figure>\n\t\t<\/div>\n\n<h2>Membres du bureau<\/h2>\n<p>&nbsp;<\/p>\n<h2>Membres d&#8217;honneur<\/h2>\n<p><strong>D\u00e9finition et mission du codep84<\/strong><\/p>\n<p>Un comit\u00e9 d\u00e9partemental de plong\u00e9e est une structure d\u00e9concentr\u00e9e de la f\u00e9d\u00e9ration, charg\u00e9e de coordonner et d\u00e9velopper les activit\u00e9s subaquatiques \u00e0 l\u2019\u00e9chelle d\u2019un d\u00e9partement.<br \/>\nLe CODEP est une entit\u00e9 locale de la FFESSM qui regroupe les clubs de plong\u00e9e d\u2019un m\u00eame d\u00e9partement. Il agit comme relais entre les clubs, la r\u00e9gion (via la Commission Technique R\u00e9gionale) et la f\u00e9d\u00e9ration nationale.<br \/>\nLes ressources financi\u00e8res du CODEP84 :<\/p>\n<ul>\n<li>les subventions de l\u2019Etat, du d\u00e9partement ;<\/li>\n<li>les cotisations des clubs du d\u00e9partement ;<\/li>\n<li>les ristournes de licences.<\/li>\n<\/ul>\n<p>Les ressources humaines du CODEP84 :<\/p>\n<ul>\n<li>Tous les intervenants sont b\u00e9n\u00e9voles, ils donnent de leur temps pour faire fonctionner au mieux cette association.<\/li>\n<\/ul>\n<p><strong>Missions principales<\/strong><\/p>\n<p>Voici les grandes missions d\u2019un comit\u00e9 d\u00e9partemental de plong\u00e9e :<\/p>\n<ul>\n<li><strong>Gestion et promotion des activit\u00e9s subaquatiques<\/strong>\n<ul>\n<li>Organisation d\u2019\u00e9v\u00e9nements, stages, comp\u00e9titions et formations<\/li>\n<li>Valorisation de la plong\u00e9e aupr\u00e8s du grand public<\/li>\n<\/ul>\n<\/li>\n<li><strong>Formation et certification<\/strong>\n<ul>\n<li>Mise en place de stages pour les plongeurs (Niveau 1 \u00e0 4), initiateurs, moniteurs f\u00e9d\u00e9raux<\/li>\n<li>Organisation des examens et d\u00e9livrance des qualifications<\/li>\n<\/ul>\n<\/li>\n<li><strong>Coordination interclubs<\/strong>\n<ul>\n<li>Facilitation des \u00e9changes entre les clubs du d\u00e9partement<\/li>\n<li>Transmission des informations de la Commission Technique R\u00e9gionale (CTR)<\/li>\n<\/ul>\n<\/li>\n<li><strong>Respect des normes et s\u00e9curit\u00e9<\/strong>\n<ul>\n<li>Veille au respect de la l\u00e9gislation et des r\u00e8gles de s\u00e9curit\u00e9 en plong\u00e9e<\/li>\n<li>Suivi des formations RIFA (R\u00e9actions et Interventions Face \u00e0 un Accident de<br \/>\nplong\u00e9e)<\/li>\n<\/ul>\n<\/li>\n<li><strong>D\u00e9veloppement de disciplines associ\u00e9es<\/strong>\n<ul>\n<li>Soutien \u00e0 des pratiques comme l\u2019apn\u00e9e, la plong\u00e9e sportive en piscine (PSP), La biologie subaquatique, le handisub, etc.<\/li>\n<\/ul>\n<\/li>\n<\/ul>\n<p><strong>Le comit\u00e9 directeur :<\/strong><\/p>\n<p>Il est constitu\u00e9 d\u2019un maximum de 17 membres \u00e9lus et se r\u00e9unit r\u00e9guli\u00e8rement pour valider les orientations prises par le CODEP84.<\/p>\n","protected":false},"excerpt":{"rendered":"<div class=\"mh-excerpt\"><p>Le bureau du CODEP VAUCLUSE Comit\u00e9 directeur Membres du bureau &nbsp; Membres d&#8217;honneur D\u00e9finition et mission du codep84 Un comit\u00e9 d\u00e9partemental de plong\u00e9e est une <a class=\"mh-excerpt-more\" href=\"https:\/\/codep84.com\/?page_id=73\" title=\"Bureau\">[&#8230;]<\/a><\/p>\n<\/div>","protected":false},"author":1,"featured_media":0,"parent":0,"menu_order":0,"comment_status":"closed","ping_status":"closed","template":"","meta":{"footnotes":""},"class_list":["post-73","page","type-page","status-publish","hentry"],"_links":{"self":[{"href":"https:\/\/codep84.com\/index.php?rest_route=\/wp\/v2\/pages\/73","targetHints":{"allow":["GET"]}}],"collection":[{"href":"https:\/\/codep84.com\/index.php?rest_route=\/wp\/v2\/pages"}],"about":[{"href":"https:\/\/codep84.com\/index.php?rest_route=\/wp\/v2\/types\/page"}],"author":[{"embeddable":true,"href":"https:\/\/codep84.com\/index.php?rest_route=\/wp\/v2\/users\/1"}],"replies":[{"embeddable":true,"href":"https:\/\/codep84.com\/index.php?rest_route=%2Fwp%2Fv2%2Fcomments&post=73"}],"version-history":[{"count":11,"href":"https:\/\/codep84.com\/index.php?rest_route=\/wp\/v2\/pages\/73\/revisions"}],"predecessor-version":[{"id":928,"href":"https:\/\/codep84.com\/index.php?rest_route=\/wp\/v2\/pages\/73\/revisions\/928"}],"wp:attachment":[{"href":"https:\/\/codep84.com\/index.php?rest_route=%2Fwp%2Fv2%2Fmedia&parent=73"}],"curies":[{"name":"wp","href":"https:\/\/api.w.org\/{rel}","templated":true}]}}