{"id":674,"date":"2025-09-23T21:11:18","date_gmt":"2025-09-23T19:11:18","guid":{"rendered":"https:\/\/codep84.com\/?page_id=674"},"modified":"2025-09-23T21:37:38","modified_gmt":"2025-09-23T19:37:38","slug":"documents","status":"publish","type":"page","link":"https:\/\/codep84.com\/?page_id=674","title":{"rendered":"Documents"},"content":{"rendered":"<p><strong><span style=\"color: #ff0000;\">T\u00e9l\u00e9charger les statuts :<\/span><\/strong><a style=\"color: #ff0000;\" href=\"https:\/\/codep84.com\/wp-content\/uploads\/2025\/09\/Statuts_2014_01_18.pdf\"><span style=\"color: #ff0000;\"><img loading=\"lazy\" decoding=\"async\" class=\"alignnone size-full wp-image-688\" src=\"https:\/\/codep84.com\/wp-content\/uploads\/2025\/09\/icons8-pdf-60.png\" alt=\"\" width=\"60\" height=\"60\" \/><\/span><\/a><\/p>\n<p><strong><span style=\"color: #ff0000;\">T\u00e9l\u00e9charger le r\u00e8glement int\u00e9rieur :<\/span><\/strong><a style=\"color: #ff0000;\" href=\"https:\/\/codep84.com\/wp-content\/uploads\/2025\/09\/Reglement_Interieur_2012_01_28.pdf\"><span style=\"color: #ff0000;\"><img loading=\"lazy\" decoding=\"async\" class=\"alignnone size-full wp-image-688\" src=\"https:\/\/codep84.com\/wp-content\/uploads\/2025\/09\/icons8-pdf-60.png\" alt=\"\" width=\"60\" height=\"60\" \/><br \/>\n<\/span><\/a><\/p>\n","protected":false},"excerpt":{"rendered":"<div class=\"mh-excerpt\"><p>T\u00e9l\u00e9charger les statuts : T\u00e9l\u00e9charger le r\u00e8glement int\u00e9rieur :<\/p>\n<\/div>","protected":false},"author":1,"featured_media":0,"parent":0,"menu_order":0,"comment_status":"closed","ping_status":"closed","template":"","meta":{"footnotes":""},"class_list":["post-674","page","type-page","status-publish","hentry"],"_links":{"self":[{"href":"https:\/\/codep84.com\/index.php?rest_route=\/wp\/v2\/pages\/674","targetHints":{"allow":["GET"]}}],"collection":[{"href":"https:\/\/codep84.com\/index.php?rest_route=\/wp\/v2\/pages"}],"about":[{"href":"https:\/\/codep84.com\/index.php?rest_route=\/wp\/v2\/types\/page"}],"author":[{"embeddable":true,"href":"https:\/\/codep84.com\/index.php?rest_route=\/wp\/v2\/users\/1"}],"replies":[{"embeddable":true,"href":"https:\/\/codep84.com\/index.php?rest_route=%2Fwp%2Fv2%2Fcomments&post=674"}],"version-history":[{"count":8,"href":"https:\/\/codep84.com\/index.php?rest_route=\/wp\/v2\/pages\/674\/revisions"}],"predecessor-version":[{"id":691,"href":"https:\/\/codep84.com\/index.php?rest_route=\/wp\/v2\/pages\/674\/revisions\/691"}],"wp:attachment":[{"href":"https:\/\/codep84.com\/index.php?rest_route=%2Fwp%2Fv2%2Fmedia&parent=674"}],"curies":[{"name":"wp","href":"https:\/\/api.w.org\/{rel}","templated":true}]}}