{"id":632,"date":"2025-09-22T18:56:25","date_gmt":"2025-09-22T16:56:25","guid":{"rendered":"https:\/\/codep84.com\/?page_id=632"},"modified":"2026-02-08T22:24:57","modified_gmt":"2026-02-08T21:24:57","slug":"jeune","status":"publish","type":"page","link":"https:\/\/codep84.com\/?page_id=632","title":{"rendered":"Le monde de la plong\u00e9e \u00ab\u00a0jeunes\u00a0\u00bb\u00a0: l\u2019avenir de notre passion"},"content":{"rendered":"\n<p>Plong\u00e9e scaphandre accessible \u00e0 partir de 8 ans<\/p>\n\n\n\n<p>Au-del\u00e0 de la pratique sportive, l\u2019apprentissage des activit\u00e9s subaquatiques permet de travailler la maitrise de soi, du stress et aide \u00e0 d\u00e9velopper des qualit\u00e9s de r\u00e9flexion et de sang-froid.<br>La 1 \u00e8re approche de l\u2019environnement marin se fait souvent lors d\u2019un bapt\u00eame de plong\u00e9e ou encore d\u2019une randonn\u00e9e palmes-masque-tuba.<br>Les encadrants des clubs vauclusiens, dit \u00ab clubs de l\u2019int\u00e9rieur \u00bb vous proposent de continuer cette aventure lors d\u2019entrainements en piscine.<\/p>\n\n\n\n<p>Ils imaginent pour vous des cours ludiques et vari\u00e9s (entrainement palmes\/masque\/tuba, plong\u00e9e scaphandre, apn\u00e9e\u2026).<br>Ils unissent leurs forces pour diverses activit\u00e9s de rencontres et de partages tout au long de la saison sportive&nbsp;:<\/p>\n\n\n\n<ul class=\"wp-block-list\">\n<li>Challenge r\u00e9gional et national Oxyjeunes<\/li>\n\n\n\n<li>Challenge des Minots<\/li>\n\n\n\n<li>Journ\u00e9e des Minots de Fran\u00e7ois<\/li>\n\n\n\n<li>Journ\u00e9e randonn\u00e9e palm\u00e9e Bio\/Photos<\/li>\n\n\n\n<li>\u2026<\/li>\n<\/ul>\n\n\n\n<p>Vous (les parents), vous \u00eates pr\u00eats pour faire d\u00e9couvrir de nouvelles aventures avec vos enfants ?<br>Nous sommes pr\u00eats \u00e0 partager notre passion avec les plus jeunes&nbsp;!<br>A tout bient\u00f4t&nbsp;!!!<\/p>\n","protected":false},"excerpt":{"rendered":"<div class=\"mh-excerpt\"><p>Plong\u00e9e scaphandre accessible \u00e0 partir de 8 ans Au-del\u00e0 de la pratique sportive, l\u2019apprentissage des activit\u00e9s subaquatiques permet de travailler la maitrise de soi, du <a class=\"mh-excerpt-more\" href=\"https:\/\/codep84.com\/?page_id=632\" title=\"Le monde de la plong\u00e9e \u00ab\u00a0jeunes\u00a0\u00bb\u00a0: l\u2019avenir de notre passion\">[&#8230;]<\/a><\/p>\n<\/div>","protected":false},"author":1,"featured_media":0,"parent":0,"menu_order":0,"comment_status":"closed","ping_status":"closed","template":"","meta":{"footnotes":""},"class_list":["post-632","page","type-page","status-publish","hentry"],"_links":{"self":[{"href":"https:\/\/codep84.com\/index.php?rest_route=\/wp\/v2\/pages\/632","targetHints":{"allow":["GET"]}}],"collection":[{"href":"https:\/\/codep84.com\/index.php?rest_route=\/wp\/v2\/pages"}],"about":[{"href":"https:\/\/codep84.com\/index.php?rest_route=\/wp\/v2\/types\/page"}],"author":[{"embeddable":true,"href":"https:\/\/codep84.com\/index.php?rest_route=\/wp\/v2\/users\/1"}],"replies":[{"embeddable":true,"href":"https:\/\/codep84.com\/index.php?rest_route=%2Fwp%2Fv2%2Fcomments&post=632"}],"version-history":[{"count":3,"href":"https:\/\/codep84.com\/index.php?rest_route=\/wp\/v2\/pages\/632\/revisions"}],"predecessor-version":[{"id":844,"href":"https:\/\/codep84.com\/index.php?rest_route=\/wp\/v2\/pages\/632\/revisions\/844"}],"wp:attachment":[{"href":"https:\/\/codep84.com\/index.php?rest_route=%2Fwp%2Fv2%2Fmedia&parent=632"}],"curies":[{"name":"wp","href":"https:\/\/api.w.org\/{rel}","templated":true}]}}