{"id":562,"date":"2025-09-18T19:57:37","date_gmt":"2025-09-18T17:57:37","guid":{"rendered":"https:\/\/codep84.com\/?page_id=562"},"modified":"2025-09-22T19:42:46","modified_gmt":"2025-09-22T17:42:46","slug":"accueil","status":"publish","type":"page","link":"https:\/\/codep84.com\/","title":{"rendered":"Accueil"},"content":{"rendered":"<p>Organisme d\u00e9concentr\u00e9 de la F\u00e9d\u00e9ration Fran\u00e7ais d\u2019Etudes et de Sports Sous-Marins, le Comit\u00e9 D\u00e9partemental est charg\u00e9 de coordonner et d\u00e9velopper les activit\u00e9s subaquatiques sur son territoire.<\/p>\n<p>Que vous repr\u00e9sentiez un Club, une structure, que vous soyez licenci\u00e9s ou non, n\u2019h\u00e9sitez pas \u00e0 nous contacter pour obtenir les r\u00e9ponses que vous vous poseriez sur les activit\u00e9s subaquatiques en Vaucluse et d\u00e9couvrir tout ce qui peut vous \u00eatre propos\u00e9.<\/p>\n<p>Vous souhaitez organiser un \u00e9v\u00e8nement, faire d\u00e9couvrir nos activit\u00e9s, participer \u00e0 un stage, passer vos niveaux ou encore engager votre club ou vous-m\u00eame \u00e0 nos c\u00f4t\u00e9s, nous sommes l\u00e0 pour vous accueillir et vous accompagner.<\/p>\n<h2>Ses activit\u00e9s : quelles commissions dans le 84<\/h2>\n<table border='0'>\n<tbody>\n<tr>\n<td style=\"text-align: center;\">\n<span style=\"color: #ff0000;\"><strong>Technique<\/strong><\/span><br \/>\n<a href=\"https:\/\/codep84.com\/?page_id=89\"><img loading=\"lazy\" decoding=\"async\" class=\"alignnone size-full wp-image-593 aligncenter\" src=\"https:\/\/codep84.com\/wp-content\/uploads\/2025\/09\/Icone-technique.bmp\" alt=\"\" width=\"157\" height=\"157\" srcset=\"https:\/\/codep84.com\/wp-content\/uploads\/2025\/09\/Icone-technique.bmp 157w, https:\/\/codep84.com\/wp-content\/uploads\/2025\/09\/Icone-technique-150x150.jpg 150w\" sizes=\"auto, (max-width: 157px) 100vw, 157px\" \/><\/a>\n<\/td>\n<td style=\"text-align: center;\">\n<span style=\"color: #ff0000;\"><strong>Apn\u00e9e<\/strong><\/span><br \/>\n<a href=\"https:\/\/codep84.com\/?page_id=39\"><img loading=\"lazy\" decoding=\"async\" class=\"alignnone size-medium wp-image-595 aligncenter\" src=\"https:\/\/codep84.com\/wp-content\/uploads\/2025\/09\/Icone-apnee.bmp\" alt=\"\" width=\"161\" height=\"161\" srcset=\"https:\/\/codep84.com\/wp-content\/uploads\/2025\/09\/Icone-apnee.bmp 161w, https:\/\/codep84.com\/wp-content\/uploads\/2025\/09\/Icone-apnee-150x150.jpg 150w\" sizes=\"auto, (max-width: 161px) 100vw, 161px\" \/><\/a>\n<\/td>\n<td style=\"text-align: center;\">\n<span style=\"color: #ff0000;\"><strong>Biologie et Environnement<\/strong><\/span><br \/>\n<a href=\"https:\/\/codep84.com\/?page_id=75\"> <img loading=\"lazy\" decoding=\"async\" class=\"alignnone size-medium wp-image-597 aligncenter\" src=\"https:\/\/codep84.com\/wp-content\/uploads\/2025\/09\/Icone-bio.bmp\" alt=\"\" width=\"154\" height=\"154\" srcset=\"https:\/\/codep84.com\/wp-content\/uploads\/2025\/09\/Icone-bio.bmp 168w, https:\/\/codep84.com\/wp-content\/uploads\/2025\/09\/Icone-bio-150x150.jpg 150w\" sizes=\"auto, (max-width: 154px) 100vw, 154px\" \/><\/a><br \/>\n<\/strong><\/span>\n<\/td>\n<\/tr>\n<tr>\n<td style=\"text-align: center;\">\n<span style=\"color: #ff0000;\"><strong>Souterraine<\/strong><\/span><br \/>\n<a href=\"https:\/\/codep84.com\/?page_id=86\"><img loading=\"lazy\" decoding=\"async\" class=\"alignnone size-medium wp-image-598 aligncenter\" src=\"https:\/\/codep84.com\/wp-content\/uploads\/2025\/09\/Icone-bouteille.bmp\" alt=\"\" width=\"154\" height=\"154\" srcset=\"https:\/\/codep84.com\/wp-content\/uploads\/2025\/09\/Icone-bouteille.bmp 154w, https:\/\/codep84.com\/wp-content\/uploads\/2025\/09\/Icone-bouteille-150x150.jpg 150w\" sizes=\"auto, (max-width: 154px) 100vw, 154px\" \/><\/a>\n<\/td>\n<td style=\"text-align: center;\">\n<span style=\"color: #ff0000;\"><strong>PSP<\/strong><\/span><br \/>\n<a href=\"https:\/\/codep84.com\/?page_id=83\"><img loading=\"lazy\" decoding=\"async\" class=\"alignnone size-medium wp-image-594 aligncenter\" src=\"https:\/\/codep84.com\/wp-content\/uploads\/2025\/09\/Icone-psp.bmp\" alt=\"\" width=\"162\" height=\"162\" srcset=\"https:\/\/codep84.com\/wp-content\/uploads\/2025\/09\/Icone-psp.bmp 162w, https:\/\/codep84.com\/wp-content\/uploads\/2025\/09\/Icone-psp-150x150.jpg 150w\" sizes=\"auto, (max-width: 162px) 100vw, 162px\" \/><\/a>\n<\/td>\n<td style=\"text-align: center;\">\n<span style=\"color: #ff0000;\"><strong>Photo \u2013 Vid\u00e9o<\/strong><\/span><br \/>\n<a href=\"https:\/\/codep84.com\/?page_id=80\"><img loading=\"lazy\" decoding=\"async\" class=\"alignnone size-medium wp-image-596 aligncenter\" src=\"https:\/\/codep84.com\/wp-content\/uploads\/2025\/09\/Icone-photo.bmp\" alt=\"\" width=\"155\" height=\"155\" srcset=\"https:\/\/codep84.com\/wp-content\/uploads\/2025\/09\/Icone-photo.bmp 155w, https:\/\/codep84.com\/wp-content\/uploads\/2025\/09\/Icone-photo-150x150.jpg 150w\" sizes=\"auto, (max-width: 155px) 100vw, 155px\" \/><\/a>\n<\/td>\n<\/tr>\n<\/tbody>\n<\/table>\n","protected":false},"excerpt":{"rendered":"<div class=\"mh-excerpt\"><p>Organisme d\u00e9concentr\u00e9 de la F\u00e9d\u00e9ration Fran\u00e7ais d\u2019Etudes et de Sports Sous-Marins, le Comit\u00e9 D\u00e9partemental est charg\u00e9 de coordonner et d\u00e9velopper les activit\u00e9s subaquatiques sur son <a class=\"mh-excerpt-more\" href=\"https:\/\/codep84.com\/\" title=\"Accueil\">[&#8230;]<\/a><\/p>\n<\/div>","protected":false},"author":1,"featured_media":0,"parent":0,"menu_order":0,"comment_status":"closed","ping_status":"closed","template":"","meta":{"footnotes":""},"class_list":["post-562","page","type-page","status-publish","hentry"],"_links":{"self":[{"href":"https:\/\/codep84.com\/index.php?rest_route=\/wp\/v2\/pages\/562","targetHints":{"allow":["GET"]}}],"collection":[{"href":"https:\/\/codep84.com\/index.php?rest_route=\/wp\/v2\/pages"}],"about":[{"href":"https:\/\/codep84.com\/index.php?rest_route=\/wp\/v2\/types\/page"}],"author":[{"embeddable":true,"href":"https:\/\/codep84.com\/index.php?rest_route=\/wp\/v2\/users\/1"}],"replies":[{"embeddable":true,"href":"https:\/\/codep84.com\/index.php?rest_route=%2Fwp%2Fv2%2Fcomments&post=562"}],"version-history":[{"count":24,"href":"https:\/\/codep84.com\/index.php?rest_route=\/wp\/v2\/pages\/562\/revisions"}],"predecessor-version":[{"id":659,"href":"https:\/\/codep84.com\/index.php?rest_route=\/wp\/v2\/pages\/562\/revisions\/659"}],"wp:attachment":[{"href":"https:\/\/codep84.com\/index.php?rest_route=%2Fwp%2Fv2%2Fmedia&parent=562"}],"curies":[{"name":"wp","href":"https:\/\/api.w.org\/{rel}","templated":true}]}}