{"id":39,"date":"2023-01-30T18:23:10","date_gmt":"2023-01-30T17:23:10","guid":{"rendered":"http:\/\/codep84.com\/?page_id=39"},"modified":"2025-09-18T20:43:20","modified_gmt":"2025-09-18T18:43:20","slug":"commission-apnee","status":"publish","type":"page","link":"https:\/\/codep84.com\/?page_id=39","title":{"rendered":"Commission Apn\u00e9e"},"content":{"rendered":"<p><img loading=\"lazy\" decoding=\"async\" class=\"alignnone size-medium wp-image-12 aligncenter\" src=\"https:\/\/codep84.com\/wp-content\/uploads\/2023\/01\/Banderole-Apnee-300x77.jpg\" alt=\"\" width=\"300\" height=\"77\" srcset=\"https:\/\/codep84.com\/wp-content\/uploads\/2023\/01\/Banderole-Apnee-300x77.jpg 300w, https:\/\/codep84.com\/wp-content\/uploads\/2023\/01\/Banderole-Apnee-768x198.jpg 768w, https:\/\/codep84.com\/wp-content\/uploads\/2023\/01\/Banderole-Apnee.jpg 1024w\" sizes=\"auto, (max-width: 300px) 100vw, 300px\" \/><\/p>\n<p>Au del\u00e0 de la comp\u00e9tition, l\u2019apn\u00e9e est aussi un sport de sensations, de relaxation et d\u2019\u00e9coute de soi-m\u00eame. Entrez en symbiose avec l\u2019\u00e9l\u00e9ment aquatique et travaillez votre respiration, recentrez-vous sur vous-m\u00eame\u2026 Prenez ce temps rien que pour vous\u2026<\/p>\n<p>\u00c0 TOUT \u00c2GE, que ce soit en piscine, en milieu naturel, dans une pratique de loisir ou de comp\u00e9tition, nos moniteurs r\u00e9pondront \u00e0 vos attentes.<\/p>\n<p>La Commission Apn\u00e9e est une commission d\u2019activit\u00e9 de la FFESSM qui d\u00e9veloppe l\u2019apn\u00e9e comme discipline autonome, accessible \u00e0 tous les niveaux. Elle regroupe des pratiquants, des encadrants, des juges, des comp\u00e9titeurs et des passionn\u00e9s de l\u2019univers subaquatique sans bouteille.<\/p>\n<p>La formation s\u2019organise autour de\u00a0:<\/p>\n<ul>\n<li>Organisation de stages et cursus p\u00e9dagogiques : Initiateur Apn\u00e9e, Moniteur Apn\u00e9e<\/li>\n<li>D\u00e9veloppement de l\u2019aquacit\u00e9 et de la ma\u00eetrise corporelle<\/li>\n<li>Sensibilisation \u00e0 la s\u00e9curit\u00e9, la respiration et la relaxation<\/li>\n<\/ul>\n<p><img loading=\"lazy\" decoding=\"async\" class=\"size-full wp-image-40 alignleft\" src=\"https:\/\/codep84.com\/wp-content\/uploads\/2023\/01\/Apnee-2-1.jpg\" alt=\"\" width=\"236\" height=\"177\" srcset=\"https:\/\/codep84.com\/wp-content\/uploads\/2023\/01\/Apnee-2-1.jpg 236w, https:\/\/codep84.com\/wp-content\/uploads\/2023\/01\/Apnee-2-1-80x60.jpg 80w\" sizes=\"auto, (max-width: 236px) 100vw, 236px\" \/><\/p>\n","protected":false},"excerpt":{"rendered":"<div class=\"mh-excerpt\"><p>Au del\u00e0 de la comp\u00e9tition, l\u2019apn\u00e9e est aussi un sport de sensations, de relaxation et d\u2019\u00e9coute de soi-m\u00eame. Entrez en symbiose avec l\u2019\u00e9l\u00e9ment aquatique et <a class=\"mh-excerpt-more\" href=\"https:\/\/codep84.com\/?page_id=39\" title=\"Commission Apn\u00e9e\">[&#8230;]<\/a><\/p>\n<\/div>","protected":false},"author":1,"featured_media":0,"parent":0,"menu_order":0,"comment_status":"closed","ping_status":"closed","template":"","meta":{"footnotes":""},"class_list":["post-39","page","type-page","status-publish","hentry"],"_links":{"self":[{"href":"https:\/\/codep84.com\/index.php?rest_route=\/wp\/v2\/pages\/39","targetHints":{"allow":["GET"]}}],"collection":[{"href":"https:\/\/codep84.com\/index.php?rest_route=\/wp\/v2\/pages"}],"about":[{"href":"https:\/\/codep84.com\/index.php?rest_route=\/wp\/v2\/types\/page"}],"author":[{"embeddable":true,"href":"https:\/\/codep84.com\/index.php?rest_route=\/wp\/v2\/users\/1"}],"replies":[{"embeddable":true,"href":"https:\/\/codep84.com\/index.php?rest_route=%2Fwp%2Fv2%2Fcomments&post=39"}],"version-history":[{"count":2,"href":"https:\/\/codep84.com\/index.php?rest_route=\/wp\/v2\/pages\/39\/revisions"}],"predecessor-version":[{"id":576,"href":"https:\/\/codep84.com\/index.php?rest_route=\/wp\/v2\/pages\/39\/revisions\/576"}],"wp:attachment":[{"href":"https:\/\/codep84.com\/index.php?rest_route=%2Fwp%2Fv2%2Fmedia&parent=39"}],"curies":[{"name":"wp","href":"https:\/\/api.w.org\/{rel}","templated":true}]}}